{"id":1411,"date":"2026-01-16T20:20:54","date_gmt":"2026-01-16T20:20:54","guid":{"rendered":"https:\/\/bridgefinancial.do\/servicios\/"},"modified":"2026-02-20T18:46:50","modified_gmt":"2026-02-20T18:46:50","slug":"servicios","status":"publish","type":"page","link":"https:\/\/bridgefinancial.do\/es\/servicios\/","title":{"rendered":"Servicios"},"content":{"rendered":"\t\t<div data-elementor-type=\"wp-page\" data-elementor-id=\"1411\" class=\"elementor elementor-1411 elementor-176\">\n\t\t\t\t<div class=\"elementor-element elementor-element-132f10d e-flex e-con-boxed e-con e-parent\" data-id=\"132f10d\" data-element_type=\"container\" data-e-type=\"container\">\n\t\t\t\t\t<div class=\"e-con-inner\">\n\t\t\t\t<div class=\"elementor-element elementor-element-512589c elementor-widget elementor-widget-heading\" data-id=\"512589c\" data-element_type=\"widget\" data-e-type=\"widget\" data-widget_type=\"heading.default\">\n\t\t\t\t\t<h2 class=\"elementor-heading-title elementor-size-default\">Asesoramiento independiente<\/h2>\t\t\t\t<\/div>\n\t\t\t\t<div class=\"elementor-element elementor-element-4315227 elementor-widget elementor-widget-text-editor\" data-id=\"4315227\" data-element_type=\"widget\" data-e-type=\"widget\" data-widget_type=\"text-editor.default\">\n\t\t\t\t\t\t\t\t\t<p data-start=\"407\" data-end=\"563\">Bridge Financial ofrece servicios independientes de asesoramiento financiero y de inversi\u00f3n a empresarios e inversores privados en momentos cr\u00edticos en la toma de decisiones.<\/p><p data-start=\"565\" data-end=\"747\">Nuestro trabajo se centra en el <strong data-start=\"585\" data-end=\"646\">an\u00e1lisis, la evaluaci\u00f3n y el asesoramiento personalizado, as\u00ed como en el apoyo de coaching<\/strong>, lo que ayuda a los clientes a obtener claridad antes de comprometer capital, buscar crecimiento o realizar transacciones.<\/p><p data-start=\"749\" data-end=\"919\">Cada compromiso se aborda individualmente, en funci\u00f3n de los objetivos, los riesgos y el contexto espec\u00edficos que implica.<\/p>\t\t\t\t\t\t\t\t<\/div>\n\t\t\t\t<div class=\"elementor-element elementor-element-9f0b4c1 elementor-widget-divider--view-line elementor-widget elementor-widget-divider\" data-id=\"9f0b4c1\" data-element_type=\"widget\" data-e-type=\"widget\" data-widget_type=\"divider.default\">\n\t\t\t\t\t\t\t<div class=\"elementor-divider\">\n\t\t\t<span class=\"elementor-divider-separator\">\n\t\t\t\t\t\t<\/span>\n\t\t<\/div>\n\t\t\t\t\t\t<\/div>\n\t\t\t\t<div class=\"elementor-element elementor-element-3e12daf elementor-widget elementor-widget-text-editor\" data-id=\"3e12daf\" data-element_type=\"widget\" data-e-type=\"widget\" data-widget_type=\"text-editor.default\">\n\t\t\t\t\t\t\t\t\t<p>C\u00f3mo se estructuran servicios<\/p>\t\t\t\t\t\t\t\t<\/div>\n\t\t\t\t<div class=\"elementor-element elementor-element-204b691 elementor-widget elementor-widget-text-editor\" data-id=\"204b691\" data-element_type=\"widget\" data-e-type=\"widget\" data-widget_type=\"text-editor.default\">\n\t\t\t\t\t\t\t\t\t<p>Nuestros servicios de asesoramiento se organizan en torno a cuatro \u00e1reas principales, seg\u00fan su situaci\u00f3n:<\/p>\t\t\t\t\t\t\t\t<\/div>\n\t\t\t\t<div class=\"elementor-element elementor-element-720c971 elementor-widget elementor-widget-text-editor\" data-id=\"720c971\" data-element_type=\"widget\" data-e-type=\"widget\" data-widget_type=\"text-editor.default\">\n\t\t\t\t\t\t\t\t\t<ol><li><a href=\"https:\/\/bridgefinancial.do\/es\/servicios\/servicios-para-fundadores-y-empresas-en-expansion\/\">Fundadores y empresas en expansi\u00f3n<\/a><\/li><li><a href=\"https:\/\/bridgefinancial.do\/es\/servicios\/servicios-compra-de-un-negocio\/\">Venta de una empresa<\/a><\/li><li><a href=\"https:\/\/bridgefinancial.do\/es\/servicios\/servicios-compra-de-un-negocio\/\">Compra de un negocio<\/a><\/li><li><a href=\"https:\/\/bridgefinancial.do\/es\/servicios\/servicios-para-inversores\/\">Inversores<\/a><\/li><\/ol>\t\t\t\t\t\t\t\t<\/div>\n\t\t\t\t\t<\/div>\n\t\t\t\t<\/div>\n\t\t<div class=\"elementor-element elementor-element-2ae16ad e-flex e-con-boxed e-con e-parent\" data-id=\"2ae16ad\" data-element_type=\"container\" data-e-type=\"container\">\n\t\t\t\t\t<div class=\"e-con-inner\">\n\t\t\t\t<div class=\"elementor-element elementor-element-a8e0e6e elementor-widget elementor-widget-text-editor\" data-id=\"a8e0e6e\" data-element_type=\"widget\" data-e-type=\"widget\" data-widget_type=\"text-editor.default\">\n\t\t\t\t\t\t\t\t\t<p data-start=\"2544\" data-end=\"2616\">En todos los servicios, Bridge Financial opera con los mismos principios:<\/p>\t\t\t\t\t\t\t\t<\/div>\n\t\t\t\t<div class=\"elementor-element elementor-element-f3d9b22 elementor-icon-list--layout-traditional elementor-list-item-link-full_width elementor-widget elementor-widget-icon-list\" data-id=\"f3d9b22\" data-element_type=\"widget\" data-e-type=\"widget\" data-widget_type=\"icon-list.default\">\n\t\t\t\t\t\t\t<ul class=\"elementor-icon-list-items\">\n\t\t\t\t\t\t\t<li class=\"elementor-icon-list-item\">\n\t\t\t\t\t\t\t\t\t\t\t<span class=\"elementor-icon-list-icon\">\n\t\t\t\t\t\t\t<svg aria-hidden=\"true\" class=\"e-font-icon-svg e-fas-check-circle\" viewBox=\"0 0 512 512\" xmlns=\"http:\/\/www.w3.org\/2000\/svg\"><path d=\"M504 256c0 136.967-111.033 248-248 248S8 392.967 8 256 119.033 8 256 8s248 111.033 248 248zM227.314 387.314l184-184c6.248-6.248 6.248-16.379 0-22.627l-22.627-22.627c-6.248-6.249-16.379-6.249-22.628 0L216 308.118l-70.059-70.059c-6.248-6.248-16.379-6.248-22.628 0l-22.627 22.627c-6.248 6.248-6.248 16.379 0 22.627l104 104c6.249 6.249 16.379 6.249 22.628.001z\"><\/path><\/svg>\t\t\t\t\t\t<\/span>\n\t\t\t\t\t\t\t\t\t\t<span class=\"elementor-icon-list-text\">Asesoramiento independiente con \u00e9nfasis en la preparaci\u00f3n y el an\u00e1lisis<\/span>\n\t\t\t\t\t\t\t\t\t<\/li>\n\t\t\t\t\t\t\t\t<li class=\"elementor-icon-list-item\">\n\t\t\t\t\t\t\t\t\t\t\t<span class=\"elementor-icon-list-icon\">\n\t\t\t\t\t\t\t<svg aria-hidden=\"true\" class=\"e-font-icon-svg e-fas-check-circle\" viewBox=\"0 0 512 512\" xmlns=\"http:\/\/www.w3.org\/2000\/svg\"><path d=\"M504 256c0 136.967-111.033 248-248 248S8 392.967 8 256 119.033 8 256 8s248 111.033 248 248zM227.314 387.314l184-184c6.248-6.248 6.248-16.379 0-22.627l-22.627-22.627c-6.248-6.249-16.379-6.249-22.628 0L216 308.118l-70.059-70.059c-6.248-6.248-16.379-6.248-22.628 0l-22.627 22.627c-6.248 6.248-6.248 16.379 0 22.627l104 104c6.249 6.249 16.379 6.249 22.628.001z\"><\/path><\/svg>\t\t\t\t\t\t<\/span>\n\t\t\t\t\t\t\t\t\t\t<span class=\"elementor-icon-list-text\">Comunicaci\u00f3n clara de suposiciones y riesgos<\/span>\n\t\t\t\t\t\t\t\t\t<\/li>\n\t\t\t\t\t\t\t\t<li class=\"elementor-icon-list-item\">\n\t\t\t\t\t\t\t\t\t\t\t<span class=\"elementor-icon-list-icon\">\n\t\t\t\t\t\t\t<svg aria-hidden=\"true\" class=\"e-font-icon-svg e-fas-check-circle\" viewBox=\"0 0 512 512\" xmlns=\"http:\/\/www.w3.org\/2000\/svg\"><path d=\"M504 256c0 136.967-111.033 248-248 248S8 392.967 8 256 119.033 8 256 8s248 111.033 248 248zM227.314 387.314l184-184c6.248-6.248 6.248-16.379 0-22.627l-22.627-22.627c-6.248-6.249-16.379-6.249-22.628 0L216 308.118l-70.059-70.059c-6.248-6.248-16.379-6.248-22.628 0l-22.627 22.627c-6.248 6.248-6.248 16.379 0 22.627l104 104c6.249 6.249 16.379 6.249 22.628.001z\"><\/path><\/svg>\t\t\t\t\t\t<\/span>\n\t\t\t\t\t\t\t\t\t\t<span class=\"elementor-icon-list-text\">Compromiso confidencial basado en la relaci\u00f3n<\/span>\n\t\t\t\t\t\t\t\t\t<\/li>\n\t\t\t\t\t\t<\/ul>\n\t\t\t\t\t\t<\/div>\n\t\t\t\t<div class=\"elementor-element elementor-element-0c1ea93 elementor-widget elementor-widget-text-editor\" data-id=\"0c1ea93\" data-element_type=\"widget\" data-e-type=\"widget\" data-widget_type=\"text-editor.default\">\n\t\t\t\t\t\t\t\t\t<p data-start=\"2800\" data-end=\"2889\">Nuestro objetivo es constante: <strong data-start=\"2859\" data-end=\"2888\">decisiones mejor informadas<\/strong> en momentos importantes.<\/p>\t\t\t\t\t\t\t\t<\/div>\n\t\t\t\t<div class=\"elementor-element elementor-element-589ae66 elementor-widget-divider--view-line elementor-widget elementor-widget-divider\" data-id=\"589ae66\" data-element_type=\"widget\" data-e-type=\"widget\" data-widget_type=\"divider.default\">\n\t\t\t\t\t\t\t<div class=\"elementor-divider\">\n\t\t\t<span class=\"elementor-divider-separator\">\n\t\t\t\t\t\t<\/span>\n\t\t<\/div>\n\t\t\t\t\t\t<\/div>\n\t\t\t\t<div class=\"elementor-element elementor-element-0e49be5 elementor-widget elementor-widget-heading\" data-id=\"0e49be5\" data-element_type=\"widget\" data-e-type=\"widget\" data-widget_type=\"heading.default\">\n\t\t\t\t\t<h2 class=\"elementor-heading-title elementor-size-default\">Hablemos<\/h2>\t\t\t\t<\/div>\n\t\t\t\t<div class=\"elementor-element elementor-element-fa4b86d elementor-widget elementor-widget-text-editor\" data-id=\"fa4b86d\" data-element_type=\"widget\" data-e-type=\"widget\" data-widget_type=\"text-editor.default\">\n\t\t\t\t\t\t\t\t\t<p data-start=\"2910\" data-end=\"3040\">Se invita a aquellos interesados en cualquiera de los servicios anteriores a explorar el \u00e1rea de servicio correspondiente o a <a href=\"mailto:info@bridgefinancial.do\">ponerse en contacto con nosotros por correo electr\u00f3nico<\/a> o directamente a trav\u00e9s de <a href=\"https:\/\/wa.me\/19103389633\">WhatsApp.<\/a><\/p><p data-start=\"3042\" data-end=\"3180\">Las conversaciones iniciales son informales y exploratorias, destinadas a aclarar los objetivos y el contexto, y a determinar si el apoyo de asesoramiento puede ser apropiado.<\/p>\t\t\t\t\t\t\t\t<\/div>\n\t\t\t\t\t<\/div>\n\t\t\t\t<\/div>\n\t\t\t\t<\/div>\n\t\t","protected":false},"excerpt":{"rendered":"<p>Asesoramiento independiente Bridge Financial ofrece servicios independientes de asesoramiento financiero y de inversi\u00f3n a empresarios e inversores privados en momentos cr\u00edticos en la toma de decisiones. Nuestro trabajo se centra en el an\u00e1lisis, la evaluaci\u00f3n y el asesoramiento personalizado, as\u00ed como en el apoyo de coaching, lo que ayuda a los clientes a obtener claridad [&hellip;]<\/p>\n","protected":false},"author":1,"featured_media":0,"parent":0,"menu_order":0,"comment_status":"closed","ping_status":"closed","template":"","meta":{"footnotes":""},"class_list":["post-1411","page","type-page","status-publish","hentry"],"_hostinger_reach_plugin_has_subscription_block":false,"_hostinger_reach_plugin_is_elementor":false,"_links":{"self":[{"href":"https:\/\/bridgefinancial.do\/es\/wp-json\/wp\/v2\/pages\/1411","targetHints":{"allow":["GET"]}}],"collection":[{"href":"https:\/\/bridgefinancial.do\/es\/wp-json\/wp\/v2\/pages"}],"about":[{"href":"https:\/\/bridgefinancial.do\/es\/wp-json\/wp\/v2\/types\/page"}],"author":[{"embeddable":true,"href":"https:\/\/bridgefinancial.do\/es\/wp-json\/wp\/v2\/users\/1"}],"replies":[{"embeddable":true,"href":"https:\/\/bridgefinancial.do\/es\/wp-json\/wp\/v2\/comments?post=1411"}],"version-history":[{"count":12,"href":"https:\/\/bridgefinancial.do\/es\/wp-json\/wp\/v2\/pages\/1411\/revisions"}],"predecessor-version":[{"id":3293,"href":"https:\/\/bridgefinancial.do\/es\/wp-json\/wp\/v2\/pages\/1411\/revisions\/3293"}],"wp:attachment":[{"href":"https:\/\/bridgefinancial.do\/es\/wp-json\/wp\/v2\/media?parent=1411"}],"curies":[{"name":"wp","href":"https:\/\/api.w.org\/{rel}","templated":true}]}}