{"id":1445,"date":"2026-01-18T00:46:15","date_gmt":"2026-01-18T00:46:15","guid":{"rendered":"https:\/\/bridgefinancial.do\/aviso-legal\/"},"modified":"2026-01-19T17:25:15","modified_gmt":"2026-01-19T17:25:15","slug":"aviso-legal","status":"publish","type":"page","link":"https:\/\/bridgefinancial.do\/es\/aviso-legal\/","title":{"rendered":"Aviso legal"},"content":{"rendered":"\t\t<div data-elementor-type=\"wp-page\" data-elementor-id=\"1445\" class=\"elementor elementor-1445 elementor-687\">\n\t\t\t\t<div class=\"elementor-element elementor-element-a1b33d0 e-flex e-con-boxed e-con e-parent\" data-id=\"a1b33d0\" data-element_type=\"container\" data-e-type=\"container\">\n\t\t\t\t\t<div class=\"e-con-inner\">\n\t\t\t\t<div class=\"elementor-element elementor-element-f9796ff elementor-widget elementor-widget-heading\" data-id=\"f9796ff\" data-element_type=\"widget\" data-e-type=\"widget\" data-widget_type=\"heading.default\">\n\t\t\t\t\t<h2 class=\"elementor-heading-title elementor-size-default\">Aviso legal<\/h2>\t\t\t\t<\/div>\n\t\t\t\t\t<\/div>\n\t\t\t\t<\/div>\n\t\t<div class=\"elementor-element elementor-element-9764367 e-flex e-con-boxed e-con e-parent\" data-id=\"9764367\" data-element_type=\"container\" data-e-type=\"container\">\n\t\t\t\t\t<div class=\"e-con-inner\">\n\t\t\t\t<div class=\"elementor-element elementor-element-9df4143 elementor-widget elementor-widget-text-editor\" data-id=\"9df4143\" data-element_type=\"widget\" data-e-type=\"widget\" data-widget_type=\"text-editor.default\">\n\t\t\t\t\t\t\t\t\t<p>La informaci\u00f3n proporcionada en este sitio web tiene fines informativos generales \u00fanicamente y no constituye asesoramiento legal, financiero, de inversi\u00f3n, fiscal o de otro tipo profesional.<br><br>Bridge Financial no proporciona servicios de corretaje, recomendaciones de inversi\u00f3n ni garant\u00edas de rendimiento. Las inversiones implican riesgos, incluida la posible p\u00e9rdida de capital. El rendimiento pasado no es indicativo de resultados futuros.<br><br>Los visitantes deben buscar asesoramiento profesional independiente antes de tomar cualquier decisi\u00f3n financiera o de inversi\u00f3n. Bridge Financial no hace representaciones con respecto a la integridad o exactitud de la informaci\u00f3n y no acepta ninguna responsabilidad por la confianza depositada en ella.<br><br><\/p>\t\t\t\t\t\t\t\t<\/div>\n\t\t\t\t\t<\/div>\n\t\t\t\t<\/div>\n\t\t\t\t<\/div>\n\t\t","protected":false},"excerpt":{"rendered":"<p>Aviso legal La informaci\u00f3n proporcionada en este sitio web tiene fines informativos generales \u00fanicamente y no constituye asesoramiento legal, financiero, de inversi\u00f3n, fiscal o de otro tipo profesional. Bridge Financial no proporciona servicios de corretaje, recomendaciones de inversi\u00f3n ni garant\u00edas de rendimiento. Las inversiones implican riesgos, incluida la posible p\u00e9rdida de capital. El rendimiento pasado [&hellip;]<\/p>\n","protected":false},"author":1,"featured_media":0,"parent":0,"menu_order":0,"comment_status":"closed","ping_status":"closed","template":"","meta":{"footnotes":""},"class_list":["post-1445","page","type-page","status-publish","hentry"],"_hostinger_reach_plugin_has_subscription_block":false,"_hostinger_reach_plugin_is_elementor":false,"_links":{"self":[{"href":"https:\/\/bridgefinancial.do\/es\/wp-json\/wp\/v2\/pages\/1445","targetHints":{"allow":["GET"]}}],"collection":[{"href":"https:\/\/bridgefinancial.do\/es\/wp-json\/wp\/v2\/pages"}],"about":[{"href":"https:\/\/bridgefinancial.do\/es\/wp-json\/wp\/v2\/types\/page"}],"author":[{"embeddable":true,"href":"https:\/\/bridgefinancial.do\/es\/wp-json\/wp\/v2\/users\/1"}],"replies":[{"embeddable":true,"href":"https:\/\/bridgefinancial.do\/es\/wp-json\/wp\/v2\/comments?post=1445"}],"version-history":[{"count":1,"href":"https:\/\/bridgefinancial.do\/es\/wp-json\/wp\/v2\/pages\/1445\/revisions"}],"predecessor-version":[{"id":1446,"href":"https:\/\/bridgefinancial.do\/es\/wp-json\/wp\/v2\/pages\/1445\/revisions\/1446"}],"wp:attachment":[{"href":"https:\/\/bridgefinancial.do\/es\/wp-json\/wp\/v2\/media?parent=1445"}],"curies":[{"name":"wp","href":"https:\/\/api.w.org\/{rel}","templated":true}]}}