{"id":1502,"date":"2026-01-16T20:20:54","date_gmt":"2026-01-16T20:20:54","guid":{"rendered":"https:\/\/bridgefinancial.do\/services\/"},"modified":"2026-02-20T18:46:50","modified_gmt":"2026-02-20T18:46:50","slug":"services","status":"publish","type":"page","link":"https:\/\/bridgefinancial.do\/fr\/services\/","title":{"rendered":"Services"},"content":{"rendered":"\t\t<div data-elementor-type=\"wp-page\" data-elementor-id=\"1502\" class=\"elementor elementor-1502 elementor-176\">\n\t\t\t\t<div class=\"elementor-element elementor-element-132f10d e-flex e-con-boxed e-con e-parent\" data-id=\"132f10d\" data-element_type=\"container\" data-e-type=\"container\">\n\t\t\t\t\t<div class=\"e-con-inner\">\n\t\t\t\t<div class=\"elementor-element elementor-element-512589c elementor-widget elementor-widget-heading\" data-id=\"512589c\" data-element_type=\"widget\" data-e-type=\"widget\" data-widget_type=\"heading.default\">\n\t\t\t\t\t<h2 class=\"elementor-heading-title elementor-size-default\">Conseil ind\u00e9pendant<\/h2>\t\t\t\t<\/div>\n\t\t\t\t<div class=\"elementor-element elementor-element-4315227 elementor-widget elementor-widget-text-editor\" data-id=\"4315227\" data-element_type=\"widget\" data-e-type=\"widget\" data-widget_type=\"text-editor.default\">\n\t\t\t\t\t\t\t\t\t<p data-start=\"407\" data-end=\"563\">Bridge Financial fournit des services ind\u00e9pendants de conseil financier et d&rsquo;investissement aux chefs d&rsquo;entreprise et aux investisseurs priv\u00e9s \u00e0 des moments critiques de prise de d\u00e9cision.<\/p><p data-start=\"565\" data-end=\"747\">Notre travail se concentre sur <strong data-start=\"585\" data-end=\"646\">l&rsquo;analyse, l&rsquo;\u00e9valuation et le soutien personnalis\u00e9 en mati\u00e8re de conseil et d&rsquo;accompagnement<\/strong>, aidant les clients \u00e0 y voir plus clair avant d&rsquo;engager des capitaux, de poursuivre leur croissance ou de conclure des transactions.<\/p><p data-start=\"749\" data-end=\"919\">Chaque mission est abord\u00e9e individuellement, en fonction des objectifs, des risques et du contexte sp\u00e9cifiques.<\/p>\t\t\t\t\t\t\t\t<\/div>\n\t\t\t\t<div class=\"elementor-element elementor-element-9f0b4c1 elementor-widget-divider--view-line elementor-widget elementor-widget-divider\" data-id=\"9f0b4c1\" data-element_type=\"widget\" data-e-type=\"widget\" data-widget_type=\"divider.default\">\n\t\t\t\t\t\t\t<div class=\"elementor-divider\">\n\t\t\t<span class=\"elementor-divider-separator\">\n\t\t\t\t\t\t<\/span>\n\t\t<\/div>\n\t\t\t\t\t\t<\/div>\n\t\t\t\t<div class=\"elementor-element elementor-element-3e12daf elementor-widget elementor-widget-text-editor\" data-id=\"3e12daf\" data-element_type=\"widget\" data-e-type=\"widget\" data-widget_type=\"text-editor.default\">\n\t\t\t\t\t\t\t\t\t<p>Structure de nos services<\/p>\t\t\t\t\t\t\t\t<\/div>\n\t\t\t\t<div class=\"elementor-element elementor-element-204b691 elementor-widget elementor-widget-text-editor\" data-id=\"204b691\" data-element_type=\"widget\" data-e-type=\"widget\" data-widget_type=\"text-editor.default\">\n\t\t\t\t\t\t\t\t\t<p>Nos services de conseil s\u2019articulent autour de quatre domaines principaux, en fonction de votre situation :<\/p>\t\t\t\t\t\t\t\t<\/div>\n\t\t\t\t<div class=\"elementor-element elementor-element-720c971 elementor-widget elementor-widget-text-editor\" data-id=\"720c971\" data-element_type=\"widget\" data-e-type=\"widget\" data-widget_type=\"text-editor.default\">\n\t\t\t\t\t\t\t\t\t<ol><li><a href=\"https:\/\/bridgefinancial.do\/fr\/services\/services-pour-les-fondateurs-et-les-entreprises-en-expansion\/\">Fondateurs et entreprises en expansion<\/a><\/li><li><a href=\"https:\/\/bridgefinancial.do\/fr\/services\/services-achat-dune-entreprise\/\">Vendre une entreprise<\/a><\/li><li><a href=\"https:\/\/bridgefinancial.do\/fr\/services\/services-achat-dune-entreprise\/\">Acheter une entreprise<\/a><\/li><li><a href=\"https:\/\/bridgefinancial.do\/fr\/services\/services-pour-les-investisseurs\/\">Investisseurs<\/a><\/li><\/ol>\t\t\t\t\t\t\t\t<\/div>\n\t\t\t\t\t<\/div>\n\t\t\t\t<\/div>\n\t\t<div class=\"elementor-element elementor-element-2ae16ad e-flex e-con-boxed e-con e-parent\" data-id=\"2ae16ad\" data-element_type=\"container\" data-e-type=\"container\">\n\t\t\t\t\t<div class=\"e-con-inner\">\n\t\t\t\t<div class=\"elementor-element elementor-element-a8e0e6e elementor-widget elementor-widget-text-editor\" data-id=\"a8e0e6e\" data-element_type=\"widget\" data-e-type=\"widget\" data-widget_type=\"text-editor.default\">\n\t\t\t\t\t\t\t\t\t<p data-start=\"2544\" data-end=\"2616\">Pour tous les services, Bridge Financial applique les m\u00eames principes :<\/p>\t\t\t\t\t\t\t\t<\/div>\n\t\t\t\t<div class=\"elementor-element elementor-element-f3d9b22 elementor-icon-list--layout-traditional elementor-list-item-link-full_width elementor-widget elementor-widget-icon-list\" data-id=\"f3d9b22\" data-element_type=\"widget\" data-e-type=\"widget\" data-widget_type=\"icon-list.default\">\n\t\t\t\t\t\t\t<ul class=\"elementor-icon-list-items\">\n\t\t\t\t\t\t\t<li class=\"elementor-icon-list-item\">\n\t\t\t\t\t\t\t\t\t\t\t<span class=\"elementor-icon-list-icon\">\n\t\t\t\t\t\t\t<svg aria-hidden=\"true\" class=\"e-font-icon-svg e-fas-check-circle\" viewBox=\"0 0 512 512\" xmlns=\"http:\/\/www.w3.org\/2000\/svg\"><path d=\"M504 256c0 136.967-111.033 248-248 248S8 392.967 8 256 119.033 8 256 8s248 111.033 248 248zM227.314 387.314l184-184c6.248-6.248 6.248-16.379 0-22.627l-22.627-22.627c-6.248-6.249-16.379-6.249-22.628 0L216 308.118l-70.059-70.059c-6.248-6.248-16.379-6.248-22.628 0l-22.627 22.627c-6.248 6.248-6.248 16.379 0 22.627l104 104c6.249 6.249 16.379 6.249 22.628.001z\"><\/path><\/svg>\t\t\t\t\t\t<\/span>\n\t\t\t\t\t\t\t\t\t\t<span class=\"elementor-icon-list-text\">Conseils ind\u00e9pendants ax\u00e9s sur la pr\u00e9paration et l\u2019analyse<\/span>\n\t\t\t\t\t\t\t\t\t<\/li>\n\t\t\t\t\t\t\t\t<li class=\"elementor-icon-list-item\">\n\t\t\t\t\t\t\t\t\t\t\t<span class=\"elementor-icon-list-icon\">\n\t\t\t\t\t\t\t<svg aria-hidden=\"true\" class=\"e-font-icon-svg e-fas-check-circle\" viewBox=\"0 0 512 512\" xmlns=\"http:\/\/www.w3.org\/2000\/svg\"><path d=\"M504 256c0 136.967-111.033 248-248 248S8 392.967 8 256 119.033 8 256 8s248 111.033 248 248zM227.314 387.314l184-184c6.248-6.248 6.248-16.379 0-22.627l-22.627-22.627c-6.248-6.249-16.379-6.249-22.628 0L216 308.118l-70.059-70.059c-6.248-6.248-16.379-6.248-22.628 0l-22.627 22.627c-6.248 6.248-6.248 16.379 0 22.627l104 104c6.249 6.249 16.379 6.249 22.628.001z\"><\/path><\/svg>\t\t\t\t\t\t<\/span>\n\t\t\t\t\t\t\t\t\t\t<span class=\"elementor-icon-list-text\">Communication claire des hypoth\u00e8ses et des risques<\/span>\n\t\t\t\t\t\t\t\t\t<\/li>\n\t\t\t\t\t\t\t\t<li class=\"elementor-icon-list-item\">\n\t\t\t\t\t\t\t\t\t\t\t<span class=\"elementor-icon-list-icon\">\n\t\t\t\t\t\t\t<svg aria-hidden=\"true\" class=\"e-font-icon-svg e-fas-check-circle\" viewBox=\"0 0 512 512\" xmlns=\"http:\/\/www.w3.org\/2000\/svg\"><path d=\"M504 256c0 136.967-111.033 248-248 248S8 392.967 8 256 119.033 8 256 8s248 111.033 248 248zM227.314 387.314l184-184c6.248-6.248 6.248-16.379 0-22.627l-22.627-22.627c-6.248-6.249-16.379-6.249-22.628 0L216 308.118l-70.059-70.059c-6.248-6.248-16.379-6.248-22.628 0l-22.627 22.627c-6.248 6.248-6.248 16.379 0 22.627l104 104c6.249 6.249 16.379 6.249 22.628.001z\"><\/path><\/svg>\t\t\t\t\t\t<\/span>\n\t\t\t\t\t\t\t\t\t\t<span class=\"elementor-icon-list-text\">Engagement confidentiel ax\u00e9 sur la relation<\/span>\n\t\t\t\t\t\t\t\t\t<\/li>\n\t\t\t\t\t\t<\/ul>\n\t\t\t\t\t\t<\/div>\n\t\t\t\t<div class=\"elementor-element elementor-element-0c1ea93 elementor-widget elementor-widget-text-editor\" data-id=\"0c1ea93\" data-element_type=\"widget\" data-e-type=\"widget\" data-widget_type=\"text-editor.default\">\n\t\t\t\t\t\t\t\t\t<p data-start=\"2800\" data-end=\"2889\">Notre objectif est constant : des <strong data-start=\"2859\" data-end=\"2888\">d\u00e9cisions mieux \u00e9clair\u00e9es<\/strong> \u00e0 des moments importants.<\/p>\t\t\t\t\t\t\t\t<\/div>\n\t\t\t\t<div class=\"elementor-element elementor-element-589ae66 elementor-widget-divider--view-line elementor-widget elementor-widget-divider\" data-id=\"589ae66\" data-element_type=\"widget\" data-e-type=\"widget\" data-widget_type=\"divider.default\">\n\t\t\t\t\t\t\t<div class=\"elementor-divider\">\n\t\t\t<span class=\"elementor-divider-separator\">\n\t\t\t\t\t\t<\/span>\n\t\t<\/div>\n\t\t\t\t\t\t<\/div>\n\t\t\t\t<div class=\"elementor-element elementor-element-0e49be5 elementor-widget elementor-widget-heading\" data-id=\"0e49be5\" data-element_type=\"widget\" data-e-type=\"widget\" data-widget_type=\"heading.default\">\n\t\t\t\t\t<h2 class=\"elementor-heading-title elementor-size-default\">Parlons-en<\/h2>\t\t\t\t<\/div>\n\t\t\t\t<div class=\"elementor-element elementor-element-fa4b86d elementor-widget elementor-widget-text-editor\" data-id=\"fa4b86d\" data-element_type=\"widget\" data-e-type=\"widget\" data-widget_type=\"text-editor.default\">\n\t\t\t\t\t\t\t\t\t<p data-start=\"2910\" data-end=\"3040\">Les personnes int\u00e9ress\u00e9es par l\u2019un des services ci-dessus sont invit\u00e9es \u00e0 explorer la section de service correspondante ou \u00e0 <a href=\"mailto:info@bridgefinancial.do\">nous contacter par e-mail<\/a> ou directement via <a href=\"https:\/\/wa.me\/19103389633\">WhatsApp.<\/a><\/p><p data-start=\"3042\" data-end=\"3180\">Les premi\u00e8res conversations sont informelles et exploratoires, destin\u00e9es \u00e0 clarifier les objectifs et le contexte, et \u00e0 d\u00e9terminer si un soutien consultatif peut \u00eatre appropri\u00e9.<\/p>\t\t\t\t\t\t\t\t<\/div>\n\t\t\t\t\t<\/div>\n\t\t\t\t<\/div>\n\t\t\t\t<\/div>\n\t\t","protected":false},"excerpt":{"rendered":"<p>Conseil ind\u00e9pendant Bridge Financial fournit des services ind\u00e9pendants de conseil financier et d&rsquo;investissement aux chefs d&rsquo;entreprise et aux investisseurs priv\u00e9s \u00e0 des moments critiques de prise de d\u00e9cision. Notre travail se concentre sur l&rsquo;analyse, l&rsquo;\u00e9valuation et le soutien personnalis\u00e9 en mati\u00e8re de conseil et d&rsquo;accompagnement, aidant les clients \u00e0 y voir plus clair avant d&rsquo;engager [&hellip;]<\/p>\n","protected":false},"author":1,"featured_media":0,"parent":0,"menu_order":0,"comment_status":"closed","ping_status":"closed","template":"","meta":{"footnotes":""},"class_list":["post-1502","page","type-page","status-publish","hentry"],"_hostinger_reach_plugin_has_subscription_block":false,"_hostinger_reach_plugin_is_elementor":false,"_links":{"self":[{"href":"https:\/\/bridgefinancial.do\/fr\/wp-json\/wp\/v2\/pages\/1502","targetHints":{"allow":["GET"]}}],"collection":[{"href":"https:\/\/bridgefinancial.do\/fr\/wp-json\/wp\/v2\/pages"}],"about":[{"href":"https:\/\/bridgefinancial.do\/fr\/wp-json\/wp\/v2\/types\/page"}],"author":[{"embeddable":true,"href":"https:\/\/bridgefinancial.do\/fr\/wp-json\/wp\/v2\/users\/1"}],"replies":[{"embeddable":true,"href":"https:\/\/bridgefinancial.do\/fr\/wp-json\/wp\/v2\/comments?post=1502"}],"version-history":[{"count":27,"href":"https:\/\/bridgefinancial.do\/fr\/wp-json\/wp\/v2\/pages\/1502\/revisions"}],"predecessor-version":[{"id":3297,"href":"https:\/\/bridgefinancial.do\/fr\/wp-json\/wp\/v2\/pages\/1502\/revisions\/3297"}],"wp:attachment":[{"href":"https:\/\/bridgefinancial.do\/fr\/wp-json\/wp\/v2\/media?parent=1502"}],"curies":[{"name":"wp","href":"https:\/\/api.w.org\/{rel}","templated":true}]}}