{"id":1522,"date":"2026-01-18T00:46:15","date_gmt":"2026-01-18T00:46:15","guid":{"rendered":"https:\/\/bridgefinancial.do\/avis-de-non-responsabilite\/"},"modified":"2026-01-19T23:36:59","modified_gmt":"2026-01-19T23:36:59","slug":"avis-de-non-responsabilite","status":"publish","type":"page","link":"https:\/\/bridgefinancial.do\/fr\/avis-de-non-responsabilite\/","title":{"rendered":"Avis de non-responsabilit\u00e9"},"content":{"rendered":"\t\t<div data-elementor-type=\"wp-page\" data-elementor-id=\"1522\" class=\"elementor elementor-1522 elementor-687\">\n\t\t\t\t<div class=\"elementor-element elementor-element-a1b33d0 e-flex e-con-boxed e-con e-parent\" data-id=\"a1b33d0\" data-element_type=\"container\" data-e-type=\"container\">\n\t\t\t\t\t<div class=\"e-con-inner\">\n\t\t\t\t<div class=\"elementor-element elementor-element-f9796ff elementor-widget elementor-widget-heading\" data-id=\"f9796ff\" data-element_type=\"widget\" data-e-type=\"widget\" data-widget_type=\"heading.default\">\n\t\t\t\t\t<h2 class=\"elementor-heading-title elementor-size-default\">Avis de non-responsabilit\u00e9<\/h2>\t\t\t\t<\/div>\n\t\t\t\t\t<\/div>\n\t\t\t\t<\/div>\n\t\t<div class=\"elementor-element elementor-element-9764367 e-flex e-con-boxed e-con e-parent\" data-id=\"9764367\" data-element_type=\"container\" data-e-type=\"container\">\n\t\t\t\t\t<div class=\"e-con-inner\">\n\t\t\t\t<div class=\"elementor-element elementor-element-9df4143 elementor-widget elementor-widget-text-editor\" data-id=\"9df4143\" data-element_type=\"widget\" data-e-type=\"widget\" data-widget_type=\"text-editor.default\">\n\t\t\t\t\t\t\t\t\t<p>Les informations fournies sur ce site web sont uniquement destin\u00e9es \u00e0 des fins d\u2019information g\u00e9n\u00e9rale et ne constituent pas un avis juridique, financier, d\u2019investissement, fiscal ou autre avis professionnel.<br><br>Bridge Financial ne fournit pas de services de courtage, de recommandations d\u2019investissement ou de garanties de performance. Les investissements comportent des risques, y compris la perte potentielle de capital. Les performances pass\u00e9es ne sont pas indicatives des r\u00e9sultats futurs.<br><br>Les visiteurs doivent solliciter un avis professionnel ind\u00e9pendant avant de prendre toute d\u00e9cision financi\u00e8re ou d\u2019investissement. Bridge Financial ne fait aucune d\u00e9claration concernant l\u2019exhaustivit\u00e9 ou l\u2019exactitude des informations et n\u2019accepte aucune responsabilit\u00e9 quant \u00e0 la confiance qui leur est accord\u00e9e.<br><br><\/p>\t\t\t\t\t\t\t\t<\/div>\n\t\t\t\t\t<\/div>\n\t\t\t\t<\/div>\n\t\t\t\t<\/div>\n\t\t","protected":false},"excerpt":{"rendered":"<p>Avis de non-responsabilit\u00e9 Les informations fournies sur ce site web sont uniquement destin\u00e9es \u00e0 des fins d\u2019information g\u00e9n\u00e9rale et ne constituent pas un avis juridique, financier, d\u2019investissement, fiscal ou autre avis professionnel. Bridge Financial ne fournit pas de services de courtage, de recommandations d\u2019investissement ou de garanties de performance. Les investissements comportent des risques, y [&hellip;]<\/p>\n","protected":false},"author":1,"featured_media":0,"parent":0,"menu_order":0,"comment_status":"closed","ping_status":"closed","template":"","meta":{"footnotes":""},"class_list":["post-1522","page","type-page","status-publish","hentry"],"_hostinger_reach_plugin_has_subscription_block":false,"_hostinger_reach_plugin_is_elementor":false,"_links":{"self":[{"href":"https:\/\/bridgefinancial.do\/fr\/wp-json\/wp\/v2\/pages\/1522","targetHints":{"allow":["GET"]}}],"collection":[{"href":"https:\/\/bridgefinancial.do\/fr\/wp-json\/wp\/v2\/pages"}],"about":[{"href":"https:\/\/bridgefinancial.do\/fr\/wp-json\/wp\/v2\/types\/page"}],"author":[{"embeddable":true,"href":"https:\/\/bridgefinancial.do\/fr\/wp-json\/wp\/v2\/users\/1"}],"replies":[{"embeddable":true,"href":"https:\/\/bridgefinancial.do\/fr\/wp-json\/wp\/v2\/comments?post=1522"}],"version-history":[{"count":1,"href":"https:\/\/bridgefinancial.do\/fr\/wp-json\/wp\/v2\/pages\/1522\/revisions"}],"predecessor-version":[{"id":1523,"href":"https:\/\/bridgefinancial.do\/fr\/wp-json\/wp\/v2\/pages\/1522\/revisions\/1523"}],"wp:attachment":[{"href":"https:\/\/bridgefinancial.do\/fr\/wp-json\/wp\/v2\/media?parent=1522"}],"curies":[{"name":"wp","href":"https:\/\/api.w.org\/{rel}","templated":true}]}}