{"id":1529,"date":"2026-01-16T01:34:13","date_gmt":"2026-01-16T01:34:13","guid":{"rendered":"https:\/\/bridgefinancial.do\/le-cercle-bridge\/"},"modified":"2026-02-19T20:24:07","modified_gmt":"2026-02-19T20:24:07","slug":"le-cercle-bridge","status":"publish","type":"page","link":"https:\/\/bridgefinancial.do\/fr\/le-cercle-bridge\/","title":{"rendered":"Le Cercle Bridge"},"content":{"rendered":"\t\t<div data-elementor-type=\"wp-page\" data-elementor-id=\"1529\" class=\"elementor elementor-1529 elementor-14\">\n\t\t\t\t<div class=\"elementor-element elementor-element-286634d e-flex e-con-boxed e-con e-parent\" data-id=\"286634d\" data-element_type=\"container\" data-e-type=\"container\">\n\t\t\t\t\t<div class=\"e-con-inner\">\n\t\t\t\t<div class=\"elementor-element elementor-element-b3dee13 elementor-widget elementor-widget-heading\" data-id=\"b3dee13\" data-element_type=\"widget\" data-e-type=\"widget\" data-widget_type=\"heading.default\">\n\t\t\t\t\t<h2 class=\"elementor-heading-title elementor-size-default\">Le Cercle Bridge<\/h2>\t\t\t\t<\/div>\n\t\t\t\t<div class=\"elementor-element elementor-element-3148f5d elementor-widget elementor-widget-text-editor\" data-id=\"3148f5d\" data-element_type=\"widget\" data-e-type=\"widget\" data-widget_type=\"text-editor.default\">\n\t\t\t\t\t\t\t\t\t<p><em>The Bridge Circle<\/em> est un r\u00e9seau d&rsquo;investisseurs priv\u00e9s g\u00e9r\u00e9 par Bridge Financial.<\/p><p>Il rassemble des investisseurs exp\u00e9riment\u00e9s et des opportunit\u00e9s d&rsquo;investissement priv\u00e9es examin\u00e9es de mani\u00e8re s\u00e9lective, structur\u00e9es et pr\u00e9sent\u00e9es en mettant l&rsquo;accent sur la clart\u00e9, la pr\u00e9paration et l&rsquo;alignement.<\/p><p>The Bridge Circle n&rsquo;est pas une place de march\u00e9 ouverte et ne fonctionne pas comme une plateforme. La participation est ax\u00e9e sur les relations et s\u00e9lective. <\/p>\t\t\t\t\t\t\t\t<\/div>\n\t\t\t\t<div class=\"elementor-element elementor-element-774851c elementor-widget-divider--view-line elementor-widget elementor-widget-divider\" data-id=\"774851c\" data-element_type=\"widget\" data-e-type=\"widget\" data-widget_type=\"divider.default\">\n\t\t\t\t\t\t\t<div class=\"elementor-divider\">\n\t\t\t<span class=\"elementor-divider-separator\">\n\t\t\t\t\t\t<\/span>\n\t\t<\/div>\n\t\t\t\t\t\t<\/div>\n\t\t\t\t<div class=\"elementor-element elementor-element-8f23a56 elementor-widget elementor-widget-heading\" data-id=\"8f23a56\" data-element_type=\"widget\" data-e-type=\"widget\" data-widget_type=\"heading.default\">\n\t\t\t\t\t<h2 class=\"elementor-heading-title elementor-size-default\">Objectif de The Bridge Circle<\/h2>\t\t\t\t<\/div>\n\t\t\t\t<div class=\"elementor-element elementor-element-e1030ea elementor-widget elementor-widget-text-editor\" data-id=\"e1030ea\" data-element_type=\"widget\" data-e-type=\"widget\" data-widget_type=\"text-editor.default\">\n\t\t\t\t\t\t\t\t\t<p><em>The Bridge Circle<\/em> a pour but de combler une lacune courante dans l&rsquo;investissement priv\u00e9 : <strong>des opportunit\u00e9s bien intentionn\u00e9es pr\u00e9sent\u00e9es sans structure ni contexte suffisants.<\/strong><\/p><p>Bridge Financial travaille avec les fondateurs et les chefs d&rsquo;entreprise pour am\u00e9liorer la pr\u00e9paration \u00e0 l&rsquo;investissement avant de pr\u00e9senter des opportunit\u00e9s aux investisseurs, en se concentrant sur :<\/p>\t\t\t\t\t\t\t\t<\/div>\n\t\t\t\t<div class=\"elementor-element elementor-element-a97d0ac elementor-icon-list--layout-traditional elementor-list-item-link-full_width elementor-widget elementor-widget-icon-list\" data-id=\"a97d0ac\" data-element_type=\"widget\" data-e-type=\"widget\" data-widget_type=\"icon-list.default\">\n\t\t\t\t\t\t\t<ul class=\"elementor-icon-list-items\">\n\t\t\t\t\t\t\t<li class=\"elementor-icon-list-item\">\n\t\t\t\t\t\t\t\t\t\t\t<span class=\"elementor-icon-list-icon\">\n\t\t\t\t\t\t\t<svg aria-hidden=\"true\" class=\"e-font-icon-svg e-fas-check-circle\" viewBox=\"0 0 512 512\" xmlns=\"http:\/\/www.w3.org\/2000\/svg\"><path d=\"M504 256c0 136.967-111.033 248-248 248S8 392.967 8 256 119.033 8 256 8s248 111.033 248 248zM227.314 387.314l184-184c6.248-6.248 6.248-16.379 0-22.627l-22.627-22.627c-6.248-6.249-16.379-6.249-22.628 0L216 308.118l-70.059-70.059c-6.248-6.248-16.379-6.248-22.628 0l-22.627 22.627c-6.248 6.248-6.248 16.379 0 22.627l104 104c6.249 6.249 16.379 6.249 22.628.001z\"><\/path><\/svg>\t\t\t\t\t\t<\/span>\n\t\t\t\t\t\t\t\t\t\t<span class=\"elementor-icon-list-text\">Hypoth\u00e8ses claires<\/span>\n\t\t\t\t\t\t\t\t\t<\/li>\n\t\t\t\t\t\t\t\t<li class=\"elementor-icon-list-item\">\n\t\t\t\t\t\t\t\t\t\t\t<span class=\"elementor-icon-list-icon\">\n\t\t\t\t\t\t\t<svg aria-hidden=\"true\" class=\"e-font-icon-svg e-fas-check-circle\" viewBox=\"0 0 512 512\" xmlns=\"http:\/\/www.w3.org\/2000\/svg\"><path d=\"M504 256c0 136.967-111.033 248-248 248S8 392.967 8 256 119.033 8 256 8s248 111.033 248 248zM227.314 387.314l184-184c6.248-6.248 6.248-16.379 0-22.627l-22.627-22.627c-6.248-6.249-16.379-6.249-22.628 0L216 308.118l-70.059-70.059c-6.248-6.248-16.379-6.248-22.628 0l-22.627 22.627c-6.248 6.248-6.248 16.379 0 22.627l104 104c6.249 6.249 16.379 6.249 22.628.001z\"><\/path><\/svg>\t\t\t\t\t\t<\/span>\n\t\t\t\t\t\t\t\t\t\t<span class=\"elementor-icon-list-text\">\u00c9valuation r\u00e9aliste des risques<\/span>\n\t\t\t\t\t\t\t\t\t<\/li>\n\t\t\t\t\t\t\t\t<li class=\"elementor-icon-list-item\">\n\t\t\t\t\t\t\t\t\t\t\t<span class=\"elementor-icon-list-icon\">\n\t\t\t\t\t\t\t<svg aria-hidden=\"true\" class=\"e-font-icon-svg e-fas-check-circle\" viewBox=\"0 0 512 512\" xmlns=\"http:\/\/www.w3.org\/2000\/svg\"><path d=\"M504 256c0 136.967-111.033 248-248 248S8 392.967 8 256 119.033 8 256 8s248 111.033 248 248zM227.314 387.314l184-184c6.248-6.248 6.248-16.379 0-22.627l-22.627-22.627c-6.248-6.249-16.379-6.249-22.628 0L216 308.118l-70.059-70.059c-6.248-6.248-16.379-6.248-22.628 0l-22.627 22.627c-6.248 6.248-6.248 16.379 0 22.627l104 104c6.249 6.249 16.379 6.249 22.628.001z\"><\/path><\/svg>\t\t\t\t\t\t<\/span>\n\t\t\t\t\t\t\t\t\t\t<span class=\"elementor-icon-list-text\">Structure de capital r\u00e9fl\u00e9chie<\/span>\n\t\t\t\t\t\t\t\t\t<\/li>\n\t\t\t\t\t\t\t\t<li class=\"elementor-icon-list-item\">\n\t\t\t\t\t\t\t\t\t\t\t<span class=\"elementor-icon-list-icon\">\n\t\t\t\t\t\t\t<svg aria-hidden=\"true\" class=\"e-font-icon-svg e-fas-check-circle\" viewBox=\"0 0 512 512\" xmlns=\"http:\/\/www.w3.org\/2000\/svg\"><path d=\"M504 256c0 136.967-111.033 248-248 248S8 392.967 8 256 119.033 8 256 8s248 111.033 248 248zM227.314 387.314l184-184c6.248-6.248 6.248-16.379 0-22.627l-22.627-22.627c-6.248-6.249-16.379-6.249-22.628 0L216 308.118l-70.059-70.059c-6.248-6.248-16.379-6.248-22.628 0l-22.627 22.627c-6.248 6.248-6.248 16.379 0 22.627l104 104c6.249 6.249 16.379 6.249 22.628.001z\"><\/path><\/svg>\t\t\t\t\t\t<\/span>\n\t\t\t\t\t\t\t\t\t\t<span class=\"elementor-icon-list-text\">Alignement \u00e0 long terme<\/span>\n\t\t\t\t\t\t\t\t\t<\/li>\n\t\t\t\t\t\t<\/ul>\n\t\t\t\t\t\t<\/div>\n\t\t\t\t<div class=\"elementor-element elementor-element-c0e4045 elementor-widget elementor-widget-text-editor\" data-id=\"c0e4045\" data-element_type=\"widget\" data-e-type=\"widget\" data-widget_type=\"text-editor.default\">\n\t\t\t\t\t\t\t\t\t<p>L&rsquo;objectif n&rsquo;est pas le volume, mais la qualit\u00e9 et l&rsquo;ad\u00e9quation.<\/p>\t\t\t\t\t\t\t\t<\/div>\n\t\t\t\t<div class=\"elementor-element elementor-element-1e12485 elementor-widget elementor-widget-text-editor\" data-id=\"1e12485\" data-element_type=\"widget\" data-e-type=\"widget\" data-widget_type=\"text-editor.default\">\n\t\t\t\t\t\t\t\t\t<p>Les opportunit\u00e9s examin\u00e9es par Bridge Financial peuvent \u00eatre partag\u00e9es avec des investisseurs lorsqu\u2019il existe un alignement raisonnable des int\u00e9r\u00eats. Les informations sont pr\u00e9sent\u00e9es de mani\u00e8re structur\u00e9e et concise.<\/p>\t\t\t\t\t\t\t\t<\/div>\n\t\t\t\t<div class=\"elementor-element elementor-element-0e63faf elementor-widget elementor-widget-image\" data-id=\"0e63faf\" data-element_type=\"widget\" data-e-type=\"widget\" data-widget_type=\"image.default\">\n\t\t\t\t\t\t\t\t\t\t\t\t\t\t\t<img decoding=\"async\" width=\"150\" height=\"150\" src=\"https:\/\/bridgefinancial.do\/wp-content\/uploads\/2026\/01\/Bridge-Circle-Logo-150x150.png\" class=\"attachment-thumbnail size-thumbnail wp-image-2969\" alt=\"\" \/>\t\t\t\t\t\t\t\t\t\t\t\t\t\t\t<\/div>\n\t\t\t\t<div class=\"elementor-element elementor-element-6304039 elementor-widget-divider--view-line elementor-widget elementor-widget-divider\" data-id=\"6304039\" data-element_type=\"widget\" data-e-type=\"widget\" data-widget_type=\"divider.default\">\n\t\t\t\t\t\t\t<div class=\"elementor-divider\">\n\t\t\t<span class=\"elementor-divider-separator\">\n\t\t\t\t\t\t<\/span>\n\t\t<\/div>\n\t\t\t\t\t\t<\/div>\n\t\t\t\t<div class=\"elementor-element elementor-element-266a553 elementor-widget elementor-widget-heading\" data-id=\"266a553\" data-element_type=\"widget\" data-e-type=\"widget\" data-widget_type=\"heading.default\">\n\t\t\t\t\t<h2 class=\"elementor-heading-title elementor-size-default\">Int\u00e9ress\u00e9(e) \u00e0 participer ?<\/h2>\t\t\t\t<\/div>\n\t\t\t\t<div class=\"elementor-element elementor-element-98614b3 elementor-widget elementor-widget-text-editor\" data-id=\"98614b3\" data-element_type=\"widget\" data-e-type=\"widget\" data-widget_type=\"text-editor.default\">\n\t\t\t\t\t\t\t\t\t<p>Les investisseurs souhaitant \u00e9tudier une participation \u00e0 The Bridge Circle peuvent nous contacter directement via <a href=\"https:\/\/wa.me\/19103389633\">WhatsApp.<\/a><\/p>\t\t\t\t\t\t\t\t<\/div>\n\t\t\t\t<div class=\"elementor-element elementor-element-23bf412 elementor-widget-divider--view-line elementor-widget elementor-widget-divider\" data-id=\"23bf412\" data-element_type=\"widget\" data-e-type=\"widget\" data-widget_type=\"divider.default\">\n\t\t\t\t\t\t\t<div class=\"elementor-divider\">\n\t\t\t<span class=\"elementor-divider-separator\">\n\t\t\t\t\t\t<\/span>\n\t\t<\/div>\n\t\t\t\t\t\t<\/div>\n\t\t\t\t<div class=\"elementor-element elementor-element-ff3fab1 elementor-widget elementor-widget-heading\" data-id=\"ff3fab1\" data-element_type=\"widget\" data-e-type=\"widget\" data-widget_type=\"heading.default\">\n\t\t\t\t\t<h2 class=\"elementor-heading-title elementor-size-default\">Confidentialit\u00e9 et discr\u00e9tion<\/h2>\t\t\t\t<\/div>\n\t\t\t\t<div class=\"elementor-element elementor-element-f940749 elementor-widget elementor-widget-text-editor\" data-id=\"f940749\" data-element_type=\"widget\" data-e-type=\"widget\" data-widget_type=\"text-editor.default\">\n\t\t\t\t\t\t\t\t\t<p>Toutes les activit\u00e9s au sein du r\u00e9seau d&rsquo;investisseurs sont g\u00e9r\u00e9es de mani\u00e8re confidentielle.<\/p><p>Les informations partag\u00e9es par le biais du r\u00e9seau ne sont pas publiques et peuvent \u00eatre soumises \u00e0 des exigences suppl\u00e9mentaires de confidentialit\u00e9 ou de non-divulgation avant que l&rsquo;acc\u00e8s ne soit accord\u00e9.<\/p><p>Bridge Financial met fortement l&rsquo;accent sur la discr\u00e9tion, la communication responsable et le respect de toutes les parties concern\u00e9es.<\/p>\t\t\t\t\t\t\t\t<\/div>\n\t\t\t\t\t<\/div>\n\t\t\t\t<\/div>\n\t\t<div class=\"elementor-element elementor-element-04915bd e-flex e-con-boxed e-con e-parent\" data-id=\"04915bd\" data-element_type=\"container\" data-e-type=\"container\">\n\t\t\t\t\t<div class=\"e-con-inner\">\n\t\t\t\t\t<\/div>\n\t\t\t\t<\/div>\n\t\t<div class=\"elementor-element elementor-element-9da3af4 e-flex e-con-boxed e-con e-parent\" data-id=\"9da3af4\" data-element_type=\"container\" data-e-type=\"container\">\n\t\t\t\t\t<div class=\"e-con-inner\">\n\t\t\t\t\t<\/div>\n\t\t\t\t<\/div>\n\t\t\t\t<\/div>\n\t\t","protected":false},"excerpt":{"rendered":"<p>Le Cercle Bridge The Bridge Circle est un r\u00e9seau d&rsquo;investisseurs priv\u00e9s g\u00e9r\u00e9 par Bridge Financial. Il rassemble des investisseurs exp\u00e9riment\u00e9s et des opportunit\u00e9s d&rsquo;investissement priv\u00e9es examin\u00e9es de mani\u00e8re s\u00e9lective, structur\u00e9es et pr\u00e9sent\u00e9es en mettant l&rsquo;accent sur la clart\u00e9, la pr\u00e9paration et l&rsquo;alignement. The Bridge Circle n&rsquo;est pas une place de march\u00e9 ouverte et ne fonctionne [&hellip;]<\/p>\n","protected":false},"author":1,"featured_media":0,"parent":0,"menu_order":4,"comment_status":"closed","ping_status":"closed","template":"","meta":{"footnotes":""},"class_list":["post-1529","page","type-page","status-publish","hentry"],"_hostinger_reach_plugin_has_subscription_block":false,"_hostinger_reach_plugin_is_elementor":false,"_links":{"self":[{"href":"https:\/\/bridgefinancial.do\/fr\/wp-json\/wp\/v2\/pages\/1529","targetHints":{"allow":["GET"]}}],"collection":[{"href":"https:\/\/bridgefinancial.do\/fr\/wp-json\/wp\/v2\/pages"}],"about":[{"href":"https:\/\/bridgefinancial.do\/fr\/wp-json\/wp\/v2\/types\/page"}],"author":[{"embeddable":true,"href":"https:\/\/bridgefinancial.do\/fr\/wp-json\/wp\/v2\/users\/1"}],"replies":[{"embeddable":true,"href":"https:\/\/bridgefinancial.do\/fr\/wp-json\/wp\/v2\/comments?post=1529"}],"version-history":[{"count":16,"href":"https:\/\/bridgefinancial.do\/fr\/wp-json\/wp\/v2\/pages\/1529\/revisions"}],"predecessor-version":[{"id":3220,"href":"https:\/\/bridgefinancial.do\/fr\/wp-json\/wp\/v2\/pages\/1529\/revisions\/3220"}],"wp:attachment":[{"href":"https:\/\/bridgefinancial.do\/fr\/wp-json\/wp\/v2\/media?parent=1529"}],"curies":[{"name":"wp","href":"https:\/\/api.w.org\/{rel}","templated":true}]}}