{"id":1531,"date":"2026-01-16T01:34:21","date_gmt":"2026-01-16T01:34:21","guid":{"rendered":"https:\/\/bridgefinancial.do\/nous-contacter\/"},"modified":"2026-01-28T19:10:24","modified_gmt":"2026-01-28T19:10:24","slug":"nous-contacter","status":"publish","type":"page","link":"https:\/\/bridgefinancial.do\/fr\/nous-contacter\/","title":{"rendered":"Nous contacter"},"content":{"rendered":"\t\t<div data-elementor-type=\"wp-page\" data-elementor-id=\"1531\" class=\"elementor elementor-1531 elementor-19\">\n\t\t\t\t<div class=\"elementor-element elementor-element-a074f09 e-flex e-con-boxed e-con e-parent\" data-id=\"a074f09\" data-element_type=\"container\" data-e-type=\"container\">\n\t\t\t\t\t<div class=\"e-con-inner\">\n\t\t\t\t<div class=\"elementor-element elementor-element-5850cff elementor-widget elementor-widget-heading\" data-id=\"5850cff\" data-element_type=\"widget\" data-e-type=\"widget\" data-widget_type=\"heading.default\">\n\t\t\t\t\t<h2 class=\"elementor-heading-title elementor-size-default\">Nous contacter<\/h2>\t\t\t\t<\/div>\n\t\t\t\t<div class=\"elementor-element elementor-element-0db56af elementor-widget elementor-widget-text-editor\" data-id=\"0db56af\" data-element_type=\"widget\" data-e-type=\"widget\" data-widget_type=\"text-editor.default\">\n\t\t\t\t\t\t\t\t\t<p>Nous accueillons favorablement les demandes de renseignements d\u2019entrepreneurs, de propri\u00e9taires d\u2019entreprises, de vendeurs, d\u2019acheteurs et d\u2019investisseurs int\u00e9ress\u00e9s par un soutien personnalis\u00e9 en mati\u00e8re de conseils financiers.<\/p><p>Bridge Financial op\u00e8re par le biais d\u2019engagements structur\u00e9s et confidentiels. Les premi\u00e8res conversations sont informelles et exploratoires, destin\u00e9es \u00e0 clarifier les objectifs et \u00e0 d\u00e9terminer si un soutien consultatif peut \u00eatre appropri\u00e9.<\/p>\t\t\t\t\t\t\t\t<\/div>\n\t\t\t\t<div class=\"elementor-element elementor-element-c7efe12 elementor-widget elementor-widget-text-editor\" data-id=\"c7efe12\" data-element_type=\"widget\" data-e-type=\"widget\" data-widget_type=\"text-editor.default\">\n\t\t\t\t\t\t\t\t\t<p>Courriel : <a href=\"mailto:info@bridgefinancial.do\">info@bridgefinancial.do<\/a><br>WhatsApp : +<a href=\"https:\/\/wa.me\/19103389633\">1-910-338-9633<\/a><\/p>\t\t\t\t\t\t\t\t<\/div>\n\t\t\t\t\t<\/div>\n\t\t\t\t<\/div>\n\t\t\t\t<\/div>\n\t\t","protected":false},"excerpt":{"rendered":"<p>Nous contacter Nous accueillons favorablement les demandes de renseignements d\u2019entrepreneurs, de propri\u00e9taires d\u2019entreprises, de vendeurs, d\u2019acheteurs et d\u2019investisseurs int\u00e9ress\u00e9s par un soutien personnalis\u00e9 en mati\u00e8re de conseils financiers. Bridge Financial op\u00e8re par le biais d\u2019engagements structur\u00e9s et confidentiels. Les premi\u00e8res conversations sont informelles et exploratoires, destin\u00e9es \u00e0 clarifier les objectifs et \u00e0 d\u00e9terminer si un [&hellip;]<\/p>\n","protected":false},"author":1,"featured_media":0,"parent":0,"menu_order":6,"comment_status":"closed","ping_status":"closed","template":"","meta":{"footnotes":""},"class_list":["post-1531","page","type-page","status-publish","hentry"],"_hostinger_reach_plugin_has_subscription_block":false,"_hostinger_reach_plugin_is_elementor":false,"_links":{"self":[{"href":"https:\/\/bridgefinancial.do\/fr\/wp-json\/wp\/v2\/pages\/1531","targetHints":{"allow":["GET"]}}],"collection":[{"href":"https:\/\/bridgefinancial.do\/fr\/wp-json\/wp\/v2\/pages"}],"about":[{"href":"https:\/\/bridgefinancial.do\/fr\/wp-json\/wp\/v2\/types\/page"}],"author":[{"embeddable":true,"href":"https:\/\/bridgefinancial.do\/fr\/wp-json\/wp\/v2\/users\/1"}],"replies":[{"embeddable":true,"href":"https:\/\/bridgefinancial.do\/fr\/wp-json\/wp\/v2\/comments?post=1531"}],"version-history":[{"count":9,"href":"https:\/\/bridgefinancial.do\/fr\/wp-json\/wp\/v2\/pages\/1531\/revisions"}],"predecessor-version":[{"id":2769,"href":"https:\/\/bridgefinancial.do\/fr\/wp-json\/wp\/v2\/pages\/1531\/revisions\/2769"}],"wp:attachment":[{"href":"https:\/\/bridgefinancial.do\/fr\/wp-json\/wp\/v2\/media?parent=1531"}],"curies":[{"name":"wp","href":"https:\/\/api.w.org\/{rel}","templated":true}]}}